{"id":79,"date":"2025-06-11T11:02:12","date_gmt":"2025-06-11T11:02:12","guid":{"rendered":"https:\/\/o-books.ch\/?page_id=79"},"modified":"2025-07-05T18:29:02","modified_gmt":"2025-07-05T18:29:02","slug":"o-books","status":"publish","type":"page","link":"https:\/\/o-books.ch\/","title":{"rendered":""},"content":{"rendered":"\n<main class=\"wp-block-group alignfull has-base-background-color has-background has-global-padding is-layout-constrained wp-block-group-is-layout-constrained\" style=\"margin-top:var(--wp--preset--spacing--50);margin-bottom:var(--wp--preset--spacing--70)\">\n<div class=\"wp-block-cover alignfull wp-duotone-unset-1\" style=\"padding-top:var(--wp--preset--spacing--60);padding-right:var(--wp--preset--spacing--60);padding-bottom:var(--wp--preset--spacing--60);padding-left:var(--wp--preset--spacing--60);min-height:556px;aspect-ratio:unset;\"><span aria-hidden=\"true\" class=\"wp-block-cover__background has-background-dim-100 has-background-dim\" style=\"background-color:#5a4f17\"><\/span><div class=\"wp-block-cover__inner-container is-layout-flow wp-block-cover-is-layout-flow\">\n<h2 class=\"wp-block-heading alignwide has-text-color\" style=\"color:#ffb7c9;font-size:clamp(35.641px, 2.228rem + ((1vw - 3.2px) * 3.336), 65px);\">Einzigartige Geschichten, <br>liebevoll geschrieben und gestaltet.<\/h2>\n\n\n\n<div class=\"wp-block-columns alignwide is-layout-flex wp-container-core-columns-is-layout-28f84493 wp-block-columns-is-layout-flex\">\n<div class=\"wp-block-column is-layout-flow wp-block-column-is-layout-flow\" style=\"flex-basis:55%\">\n<div style=\"height:0px\" aria-hidden=\"true\" class=\"wp-block-spacer\"><\/div>\n\n\n\n<p class=\"has-primary-color has-text-color\" style=\"font-size:12px;line-height:1.3\"><em>o-books sind Bilderb\u00fccher welche von mir pers\u00f6nlich geschrieben und illustriert wurden. Tauche ein in die Welt der kleinen traurigen Fee oder lass Dich von Iggys Abenteuer mitreissen \u2013 ich w\u00fcnsche Dir viel Freude dabei. <br><br>Alles liebe, Olivia<\/em><\/p>\n<\/div>\n\n\n\n<div class=\"wp-block-column is-layout-flow wp-block-column-is-layout-flow\"><\/div>\n<\/div>\n\n\n\n<figure class=\"wp-block-image size-large is-resized is-style-rounded\" style=\"margin-top:var(--wp--preset--spacing--30);margin-bottom:var(--wp--preset--spacing--30)\"><img loading=\"lazy\" decoding=\"async\" width=\"1024\" height=\"1024\" src=\"https:\/\/o-books.ch\/wp-content\/uploads\/2025\/06\/signal-2025-06-04-141218_002-1024x1024.jpeg\" alt=\"\" class=\"wp-image-43\" style=\"width:116px;height:auto\" srcset=\"https:\/\/o-books.ch\/wp-content\/uploads\/2025\/06\/signal-2025-06-04-141218_002-1024x1024.jpeg 1024w, https:\/\/o-books.ch\/wp-content\/uploads\/2025\/06\/signal-2025-06-04-141218_002-300x300.jpeg 300w, https:\/\/o-books.ch\/wp-content\/uploads\/2025\/06\/signal-2025-06-04-141218_002-150x150.jpeg 150w, https:\/\/o-books.ch\/wp-content\/uploads\/2025\/06\/signal-2025-06-04-141218_002-768x768.jpeg 768w, https:\/\/o-books.ch\/wp-content\/uploads\/2025\/06\/signal-2025-06-04-141218_002.jpeg 1091w\" sizes=\"auto, (max-width: 1024px) 100vw, 1024px\" \/><\/figure>\n<\/div><\/div>\n\n\n\n<div style=\"height:100px\" aria-hidden=\"true\" class=\"wp-block-spacer\"><\/div>\n\n\n\n<div class=\"wp-block-columns alignwide are-vertically-aligned-top is-layout-flex wp-container-core-columns-is-layout-08c01c1c wp-block-columns-is-layout-flex\">\n<div class=\"wp-block-column is-vertically-aligned-top is-layout-flow wp-block-column-is-layout-flow\">\n<div class=\"wp-block-group wp-container-content-231d8afb is-vertical is-content-justification-left is-nowrap is-layout-flex wp-container-core-group-is-layout-d439c89b wp-block-group-is-layout-flex\" style=\"margin-top:0;margin-bottom:0\">\n<figure class=\"wp-block-image size-full wp-container-content-0733e5d0\"><img loading=\"lazy\" decoding=\"async\" width=\"555\" height=\"532\" src=\"https:\/\/o-books.ch\/wp-content\/uploads\/2025\/06\/Bildschirmfoto-2025-06-05-um-15.02.24.png\" alt=\"\" class=\"wp-image-8\" srcset=\"https:\/\/o-books.ch\/wp-content\/uploads\/2025\/06\/Bildschirmfoto-2025-06-05-um-15.02.24.png 555w, https:\/\/o-books.ch\/wp-content\/uploads\/2025\/06\/Bildschirmfoto-2025-06-05-um-15.02.24-300x288.png 300w\" sizes=\"auto, (max-width: 555px) 100vw, 555px\" \/><\/figure>\n\n\n\n<div class=\"wp-block-group is-vertical is-nowrap is-layout-flex wp-container-core-group-is-layout-5280e479 wp-block-group-is-layout-flex\">\n<p class=\"has-medium-font-size\"><strong>Die kleine traurige Fee<\/strong><\/p>\n\n\n\n<p class=\"has-small-font-size\">Die kleine Fee ist traurig. Sie ist nicht wie die anderen Kinder. Weil sie Fl\u00fcgel hat, m\u00f6chte niemand mit ihr spielen. Weder die gr\u00fcne Raupe noch der grosse B\u00e4r k\u00f6nnen sie aufheitern. Doch dann lernt sie, dass nicht alles so ist, wie es zun\u00e4chst scheint. Und pl\u00f6tzlich ist ihr L\u00e4cheln zur\u00fcck<\/p>\n<\/div>\n<\/div>\n<\/div>\n\n\n\n<div class=\"wp-block-column is-vertically-aligned-top is-layout-flow wp-block-column-is-layout-flow\">\n<div class=\"wp-block-group wp-container-content-231d8afb is-vertical is-layout-flex wp-container-core-group-is-layout-05b43539 wp-block-group-is-layout-flex\" style=\"margin-top:0;margin-bottom:0\">\n<div class=\"wp-block-group is-vertical is-nowrap is-layout-flex wp-container-core-group-is-layout-5280e479 wp-block-group-is-layout-flex\">\n<div style=\"height:0px\" aria-hidden=\"true\" class=\"wp-block-spacer wp-container-content-f96796aa\"><\/div>\n\n\n\n<p class=\"has-medium-font-size\"><strong>Iggys Dschungelabenteuer<\/strong><\/p>\n\n\n\n<p class=\"has-small-font-size\">Iggys Welt sind die Berge. Was es wohl dahinter noch zu sehen gibt? Eines Tages wird seine Neugier belohnt und ein Traum wahr: Iggy reist durch Costa Rica und trifft dabei tierische Weggef\u00e4hrten, die ihm eine ganz neue Welt zeigen.<\/p>\n<\/div>\n\n\n\n<figure class=\"wp-block-image size-full\" style=\"font-size:14px\"><img loading=\"lazy\" decoding=\"async\" width=\"556\" height=\"534\" src=\"https:\/\/o-books.ch\/wp-content\/uploads\/2025\/06\/Bildschirmfoto-2025-06-05-um-15.02.09.png\" alt=\"\" class=\"wp-image-9\" srcset=\"https:\/\/o-books.ch\/wp-content\/uploads\/2025\/06\/Bildschirmfoto-2025-06-05-um-15.02.09.png 556w, https:\/\/o-books.ch\/wp-content\/uploads\/2025\/06\/Bildschirmfoto-2025-06-05-um-15.02.09-300x288.png 300w\" sizes=\"auto, (max-width: 556px) 100vw, 556px\" \/><\/figure>\n<\/div>\n<\/div>\n<\/div>\n<\/main>\n\n\n\n<div class=\"wp-block-columns alignfull has-secondary-background-color has-background is-layout-flex wp-container-core-columns-is-layout-28f84493 wp-block-columns-is-layout-flex\">\n<div class=\"wp-block-column is-layout-flow wp-block-column-is-layout-flow\">\n<div style=\"height:2px\" aria-hidden=\"true\" class=\"wp-block-spacer\"><\/div>\n\n\n\n<p class=\"has-primary-color has-text-color has-link-color wp-elements-02bb2c14816f05c4121dd9425dda4ec0\" style=\"font-size:clamp(18.959px, 1.185rem + ((1vw - 3.2px) * 1.255), 30px);line-height:1.2\">Du m\u00f6chtest jetzt Dein erstes o-book bestellen?<\/p>\n\n\n\n<div class=\"wp-block-buttons is-layout-flex wp-block-buttons-is-layout-flex\" id=\"https:\/\/www.etsy.com\/ch\/shop\/obooksCH\">\n<div class=\"wp-block-button is-style-fill\"><a class=\"wp-block-button__link has-primary-background-color has-background wp-element-button\" href=\"https:\/\/www.etsy.com\/ch\/shop\/obooksCH\" target=\"_blank\" rel=\"noreferrer noopener\">zum Etsy-Shop<\/a><\/div>\n<\/div>\n\n\n\n<div style=\"height:13px\" aria-hidden=\"true\" class=\"wp-block-spacer\"><\/div>\n<\/div>\n<\/div>\n","protected":false},"excerpt":{"rendered":"<p>Die kleine traurige Fee Die kleine Fee ist traurig. Sie ist nicht wie die anderen Kinder. Weil sie Fl\u00fcgel hat, m\u00f6chte niemand mit ihr spielen. Weder die gr\u00fcne Raupe noch der grosse B\u00e4r k\u00f6nnen sie aufheitern. Doch dann lernt sie, dass nicht alles so ist, wie es zun\u00e4chst scheint. Und pl\u00f6tzlich ist ihr L\u00e4cheln zur\u00fcck [&hellip;]<\/p>\n","protected":false},"author":1,"featured_media":0,"parent":0,"menu_order":0,"comment_status":"closed","ping_status":"closed","template":"","meta":{"footnotes":""},"class_list":["post-79","page","type-page","status-publish","hentry"],"_links":{"self":[{"href":"https:\/\/o-books.ch\/index.php?rest_route=\/wp\/v2\/pages\/79","targetHints":{"allow":["GET"]}}],"collection":[{"href":"https:\/\/o-books.ch\/index.php?rest_route=\/wp\/v2\/pages"}],"about":[{"href":"https:\/\/o-books.ch\/index.php?rest_route=\/wp\/v2\/types\/page"}],"author":[{"embeddable":true,"href":"https:\/\/o-books.ch\/index.php?rest_route=\/wp\/v2\/users\/1"}],"replies":[{"embeddable":true,"href":"https:\/\/o-books.ch\/index.php?rest_route=%2Fwp%2Fv2%2Fcomments&post=79"}],"version-history":[{"count":23,"href":"https:\/\/o-books.ch\/index.php?rest_route=\/wp\/v2\/pages\/79\/revisions"}],"predecessor-version":[{"id":116,"href":"https:\/\/o-books.ch\/index.php?rest_route=\/wp\/v2\/pages\/79\/revisions\/116"}],"wp:attachment":[{"href":"https:\/\/o-books.ch\/index.php?rest_route=%2Fwp%2Fv2%2Fmedia&parent=79"}],"curies":[{"name":"wp","href":"https:\/\/api.w.org\/{rel}","templated":true}]}}